{"id":4056,"date":"2023-04-03T16:12:55","date_gmt":"2023-04-03T14:12:55","guid":{"rendered":"https:\/\/www.lagorgoneapartments.com\/ztl-et-stationnement\/"},"modified":"2025-03-05T13:39:12","modified_gmt":"2025-03-05T12:39:12","slug":"ztl-et-stationnement","status":"publish","type":"page","link":"https:\/\/www.lagorgoneapartments.com\/fr\/ztl-et-stationnement\/","title":{"rendered":"ZTL ET STATIONNEMENT"},"content":{"rendered":"<p class=\"p1\"><b>ZTL ET STATIONNEMENT &#8211; <strong>MEDUSA &#8211; STENO &#8211; EURIALE &#8211; PEGASO\u00a0<\/strong><strong>VIA G.B ALAGONA 33<\/strong><\/b><\/p>\n<p class=\"p3\">La Gorgone est situ\u00e9e dans la zone ZTL, une zone interdite aux voitures o\u00f9 vous ne pouvez pas conduire sans autorisation sp\u00e9cifique.<\/p>\n<p class=\"p3\">En voiture ou en moto, nos clients peuvent acc\u00e9der \u00e0 la ZTL pendant toute la dur\u00e9e de votre s\u00e9jour en nous communiquant votre num\u00e9ro de plaque d&rsquo;immatriculation d\u00e8s que vous le savez ou au plus tard le lendemain de votre arriv\u00e9e.<\/p>\n<p class=\"p1\"><strong>1. STATIONNEMENT PAYANT THALETES<\/strong><\/p>\n<p class=\"p2\">Places disponibles : environ 400<span class=\"Apple-converted-space\">\u00a0<\/span><\/p>\n<p class=\"p2\">Tarif : 1,50 \u20ac\/h, 15 \u20ac\/jour<\/p>\n<p class=\"p2\">Heures d&rsquo;ouverture : ouvert 24 heures sur 24<\/p>\n<p class=\"p2\">Distance : 800 m\u00e8tres, 9 minutes \u00e0 pied<\/p>\n<p class=\"p2\">Adresse : Lungomare di Levante Elio Vittorini, 96100 Syracuse SR, Italie<\/p>\n<p class=\"p4\"><strong>2. PARKING PRIV\u00c9 S\u00c9CURIS\u00c9<\/strong><\/p>\n<p class=\"p2\">Tarif : 20 \u20ac\/jour<\/p>\n<p class=\"p2\">Horaires d&rsquo;ouverture : de 7h00 \u00e0 minuit<\/p>\n<p class=\"p2\">Distance : 170 m\u00e8tres, 2 minutes \u00e0 pied. Pour r\u00e9server nous vous sugg\u00e9rons de nous contacter \u00e0 l&rsquo;avance car les places sont limit\u00e9es.<\/p>\n<p class=\"p4\"><strong>3.\u00a0PARKING PAYANT\u00a0&#8211; PARKING SANT&rsquo;ANTONIO<\/strong><\/p>\n<p class=\"p2\">Vous pouvez acc\u00e9der \u00e0 une barre automatique avec d\u00e9tection du num\u00e9ro de plaque d&rsquo;immatriculation. Vous payez lorsque vous r\u00e9cup\u00e9rez la voiture en saisissant le num\u00e9ro d&rsquo;immatriculation dans la machine sp\u00e9ciale.<\/p>\n<p class=\"p2\"><span class=\"Apple-converted-space\">\u00a0<\/span>Places disponibles : environ 400<\/p>\n<p class=\"p2\">Co\u00fbt : 1,5\u20ac\/h, 15\u20ac\/jour<\/p>\n<p class=\"p2\">Distance : 1,8 km, 22 minutes \u00e0 pied<\/p>\n<p class=\"p2\">Adresse : Via Bengasi 1, 96100 Syracuse SR<\/p>\n<p class=\"p2\">Google\u00a0Maps\u00a0:\u00a0localisation<\/p>\n","protected":false},"excerpt":{"rendered":"<p>ZTL ET STATIONNEMENT &#8211; MEDUSA &#8211; STENO &#8211; EURIALE &#8211; PEGASO\u00a0VIA G.B ALAGONA 33 La Gorgone est situ\u00e9e dans la zone ZTL, une zone interdite aux voitures o\u00f9 vous ne pouvez pas conduire sans autorisation sp\u00e9cifique. En voiture ou en moto, nos clients peuvent acc\u00e9der \u00e0 la ZTL pendant toute la dur\u00e9e de votre s\u00e9jour&hellip;<\/p>\n","protected":false},"author":4,"featured_media":0,"parent":0,"menu_order":0,"comment_status":"closed","ping_status":"closed","template":"","meta":{"_joinchat":[]},"yoast_head":"<!-- This site is optimized with the Yoast SEO plugin v20.8 - https:\/\/yoast.com\/wordpress\/plugins\/seo\/ -->\n<title>ZTL ET STATIONNEMENT - La Gorgone Ortigia Apartments<\/title>\n<meta name=\"robots\" content=\"index, follow, max-snippet:-1, max-image-preview:large, max-video-preview:-1\" \/>\n<link rel=\"canonical\" href=\"https:\/\/www.lagorgoneapartments.com\/fr\/ztl-et-stationnement\/\" \/>\n<meta property=\"og:locale\" content=\"fr_FR\" \/>\n<meta property=\"og:type\" content=\"article\" \/>\n<meta property=\"og:title\" content=\"ZTL ET STATIONNEMENT - La Gorgone Ortigia Apartments\" \/>\n<meta property=\"og:description\" content=\"ZTL ET STATIONNEMENT &#8211; MEDUSA &#8211; STENO &#8211; EURIALE &#8211; PEGASO\u00a0VIA G.B ALAGONA 33 La Gorgone est situ\u00e9e dans la zone ZTL, une zone interdite aux voitures o\u00f9 vous ne pouvez pas conduire sans autorisation sp\u00e9cifique. En voiture ou en moto, nos clients peuvent acc\u00e9der \u00e0 la ZTL pendant toute la dur\u00e9e de votre s\u00e9jour&hellip;\" \/>\n<meta property=\"og:url\" content=\"https:\/\/www.lagorgoneapartments.com\/fr\/ztl-et-stationnement\/\" \/>\n<meta property=\"og:site_name\" content=\"La Gorgone Ortigia Apartments\" \/>\n<meta property=\"article:publisher\" content=\"https:\/\/www.facebook.com\/lagorgoneortigiaapartments\" \/>\n<meta property=\"article:modified_time\" content=\"2025-03-05T12:39:12+00:00\" \/>\n<meta property=\"og:image\" content=\"https:\/\/www.lagorgoneapartments.com\/wp-content\/uploads\/2023\/03\/superior-suite0.jpg\" \/>\n\t<meta property=\"og:image:width\" content=\"1500\" \/>\n\t<meta property=\"og:image:height\" content=\"1000\" \/>\n\t<meta property=\"og:image:type\" content=\"image\/jpeg\" \/>\n<meta name=\"twitter:card\" content=\"summary_large_image\" \/>\n<meta name=\"twitter:label1\" content=\"Dur\u00e9e de lecture estim\u00e9e\" \/>\n\t<meta name=\"twitter:data1\" content=\"2 minutes\" \/>\n<script type=\"application\/ld+json\" class=\"yoast-schema-graph\">{\"@context\":\"https:\/\/schema.org\",\"@graph\":[{\"@type\":\"WebPage\",\"@id\":\"https:\/\/www.lagorgoneapartments.com\/fr\/ztl-et-stationnement\/\",\"url\":\"https:\/\/www.lagorgoneapartments.com\/fr\/ztl-et-stationnement\/\",\"name\":\"ZTL ET STATIONNEMENT - La Gorgone Ortigia Apartments\",\"isPartOf\":{\"@id\":\"https:\/\/www.lagorgoneapartments.com\/#website\"},\"datePublished\":\"2023-04-03T14:12:55+00:00\",\"dateModified\":\"2025-03-05T12:39:12+00:00\",\"breadcrumb\":{\"@id\":\"https:\/\/www.lagorgoneapartments.com\/fr\/ztl-et-stationnement\/#breadcrumb\"},\"inLanguage\":\"fr-FR\",\"potentialAction\":[{\"@type\":\"ReadAction\",\"target\":[\"https:\/\/www.lagorgoneapartments.com\/fr\/ztl-et-stationnement\/\"]}]},{\"@type\":\"BreadcrumbList\",\"@id\":\"https:\/\/www.lagorgoneapartments.com\/fr\/ztl-et-stationnement\/#breadcrumb\",\"itemListElement\":[{\"@type\":\"ListItem\",\"position\":1,\"name\":\"Home\",\"item\":\"https:\/\/www.lagorgoneapartments.com\/\"},{\"@type\":\"ListItem\",\"position\":2,\"name\":\"ZTL ET STATIONNEMENT\"}]},{\"@type\":\"WebSite\",\"@id\":\"https:\/\/www.lagorgoneapartments.com\/#website\",\"url\":\"https:\/\/www.lagorgoneapartments.com\/\",\"name\":\"La Gorgone Apartments and Suites\",\"description\":\"Casa Vacanze e Suite Ortigia - Siracusa\",\"publisher\":{\"@id\":\"https:\/\/www.lagorgoneapartments.com\/#organization\"},\"alternateName\":\"Ortigia Apartments and Suites\",\"potentialAction\":[{\"@type\":\"SearchAction\",\"target\":{\"@type\":\"EntryPoint\",\"urlTemplate\":\"https:\/\/www.lagorgoneapartments.com\/?s={search_term_string}\"},\"query-input\":\"required name=search_term_string\"}],\"inLanguage\":\"fr-FR\"},{\"@type\":\"Organization\",\"@id\":\"https:\/\/www.lagorgoneapartments.com\/#organization\",\"name\":\"La Gorgone Apartments and Suites\",\"url\":\"https:\/\/www.lagorgoneapartments.com\/\",\"logo\":{\"@type\":\"ImageObject\",\"inLanguage\":\"fr-FR\",\"@id\":\"https:\/\/www.lagorgoneapartments.com\/#\/schema\/logo\/image\/\",\"url\":\"https:\/\/www.lagorgoneapartments.com\/wp-content\/uploads\/2023\/03\/logo-lagorgone160px.png\",\"contentUrl\":\"https:\/\/www.lagorgoneapartments.com\/wp-content\/uploads\/2023\/03\/logo-lagorgone160px.png\",\"width\":538,\"height\":160,\"caption\":\"La Gorgone Apartments and Suites\"},\"image\":{\"@id\":\"https:\/\/www.lagorgoneapartments.com\/#\/schema\/logo\/image\/\"},\"sameAs\":[\"https:\/\/www.facebook.com\/lagorgoneortigiaapartments\"]}]}<\/script>\n<!-- \/ Yoast SEO plugin. -->","yoast_head_json":{"title":"ZTL ET STATIONNEMENT - La Gorgone Ortigia Apartments","robots":{"index":"index","follow":"follow","max-snippet":"max-snippet:-1","max-image-preview":"max-image-preview:large","max-video-preview":"max-video-preview:-1"},"canonical":"https:\/\/www.lagorgoneapartments.com\/fr\/ztl-et-stationnement\/","og_locale":"fr_FR","og_type":"article","og_title":"ZTL ET STATIONNEMENT - La Gorgone Ortigia Apartments","og_description":"ZTL ET STATIONNEMENT &#8211; MEDUSA &#8211; STENO &#8211; EURIALE &#8211; PEGASO\u00a0VIA G.B ALAGONA 33 La Gorgone est situ\u00e9e dans la zone ZTL, une zone interdite aux voitures o\u00f9 vous ne pouvez pas conduire sans autorisation sp\u00e9cifique. En voiture ou en moto, nos clients peuvent acc\u00e9der \u00e0 la ZTL pendant toute la dur\u00e9e de votre s\u00e9jour&hellip;","og_url":"https:\/\/www.lagorgoneapartments.com\/fr\/ztl-et-stationnement\/","og_site_name":"La Gorgone Ortigia Apartments","article_publisher":"https:\/\/www.facebook.com\/lagorgoneortigiaapartments","article_modified_time":"2025-03-05T12:39:12+00:00","og_image":[{"width":1500,"height":1000,"url":"https:\/\/www.lagorgoneapartments.com\/wp-content\/uploads\/2023\/03\/superior-suite0.jpg","type":"image\/jpeg"}],"twitter_card":"summary_large_image","twitter_misc":{"Dur\u00e9e de lecture estim\u00e9e":"2 minutes"},"schema":{"@context":"https:\/\/schema.org","@graph":[{"@type":"WebPage","@id":"https:\/\/www.lagorgoneapartments.com\/fr\/ztl-et-stationnement\/","url":"https:\/\/www.lagorgoneapartments.com\/fr\/ztl-et-stationnement\/","name":"ZTL ET STATIONNEMENT - La Gorgone Ortigia Apartments","isPartOf":{"@id":"https:\/\/www.lagorgoneapartments.com\/#website"},"datePublished":"2023-04-03T14:12:55+00:00","dateModified":"2025-03-05T12:39:12+00:00","breadcrumb":{"@id":"https:\/\/www.lagorgoneapartments.com\/fr\/ztl-et-stationnement\/#breadcrumb"},"inLanguage":"fr-FR","potentialAction":[{"@type":"ReadAction","target":["https:\/\/www.lagorgoneapartments.com\/fr\/ztl-et-stationnement\/"]}]},{"@type":"BreadcrumbList","@id":"https:\/\/www.lagorgoneapartments.com\/fr\/ztl-et-stationnement\/#breadcrumb","itemListElement":[{"@type":"ListItem","position":1,"name":"Home","item":"https:\/\/www.lagorgoneapartments.com\/"},{"@type":"ListItem","position":2,"name":"ZTL ET STATIONNEMENT"}]},{"@type":"WebSite","@id":"https:\/\/www.lagorgoneapartments.com\/#website","url":"https:\/\/www.lagorgoneapartments.com\/","name":"La Gorgone Apartments and Suites","description":"Casa Vacanze e Suite Ortigia - Siracusa","publisher":{"@id":"https:\/\/www.lagorgoneapartments.com\/#organization"},"alternateName":"Ortigia Apartments and Suites","potentialAction":[{"@type":"SearchAction","target":{"@type":"EntryPoint","urlTemplate":"https:\/\/www.lagorgoneapartments.com\/?s={search_term_string}"},"query-input":"required name=search_term_string"}],"inLanguage":"fr-FR"},{"@type":"Organization","@id":"https:\/\/www.lagorgoneapartments.com\/#organization","name":"La Gorgone Apartments and Suites","url":"https:\/\/www.lagorgoneapartments.com\/","logo":{"@type":"ImageObject","inLanguage":"fr-FR","@id":"https:\/\/www.lagorgoneapartments.com\/#\/schema\/logo\/image\/","url":"https:\/\/www.lagorgoneapartments.com\/wp-content\/uploads\/2023\/03\/logo-lagorgone160px.png","contentUrl":"https:\/\/www.lagorgoneapartments.com\/wp-content\/uploads\/2023\/03\/logo-lagorgone160px.png","width":538,"height":160,"caption":"La Gorgone Apartments and Suites"},"image":{"@id":"https:\/\/www.lagorgoneapartments.com\/#\/schema\/logo\/image\/"},"sameAs":["https:\/\/www.facebook.com\/lagorgoneortigiaapartments"]}]}},"_links":{"self":[{"href":"https:\/\/www.lagorgoneapartments.com\/fr\/wp-json\/wp\/v2\/pages\/4056"}],"collection":[{"href":"https:\/\/www.lagorgoneapartments.com\/fr\/wp-json\/wp\/v2\/pages"}],"about":[{"href":"https:\/\/www.lagorgoneapartments.com\/fr\/wp-json\/wp\/v2\/types\/page"}],"author":[{"embeddable":true,"href":"https:\/\/www.lagorgoneapartments.com\/fr\/wp-json\/wp\/v2\/users\/4"}],"replies":[{"embeddable":true,"href":"https:\/\/www.lagorgoneapartments.com\/fr\/wp-json\/wp\/v2\/comments?post=4056"}],"version-history":[{"count":3,"href":"https:\/\/www.lagorgoneapartments.com\/fr\/wp-json\/wp\/v2\/pages\/4056\/revisions"}],"predecessor-version":[{"id":4378,"href":"https:\/\/www.lagorgoneapartments.com\/fr\/wp-json\/wp\/v2\/pages\/4056\/revisions\/4378"}],"wp:attachment":[{"href":"https:\/\/www.lagorgoneapartments.com\/fr\/wp-json\/wp\/v2\/media?parent=4056"}],"curies":[{"name":"wp","href":"https:\/\/api.w.org\/{rel}","templated":true}]}}