{"id":4135,"date":"2023-05-25T11:31:12","date_gmt":"2023-05-25T09:31:12","guid":{"rendered":"https:\/\/www.lagorgoneapartments.com\/transferts-aeroport\/"},"modified":"2024-05-01T22:26:08","modified_gmt":"2024-05-01T20:26:08","slug":"transferts-aeroport","status":"publish","type":"page","link":"https:\/\/www.lagorgoneapartments.com\/fr\/transferts-aeroport\/","title":{"rendered":"Transferts a\u00e9roport"},"content":{"rendered":"\t\t<div data-elementor-type=\"wp-page\" data-elementor-id=\"4135\" class=\"elementor elementor-4135 elementor-4112\">\n\t\t\t\t\t\t\t\t\t<section class=\"elementor-section elementor-top-section elementor-element elementor-element-1e72622 elementor-section-content-middle elementor-section-boxed elementor-section-height-default elementor-section-height-default\" data-id=\"1e72622\" data-element_type=\"section\">\n\t\t\t\t\t\t<div class=\"elementor-container elementor-column-gap-default\">\n\t\t\t\t\t<div class=\"elementor-column elementor-col-50 elementor-top-column elementor-element elementor-element-fddfc24\" data-id=\"fddfc24\" data-element_type=\"column\">\n\t\t\t<div class=\"elementor-widget-wrap elementor-element-populated\">\n\t\t\t\t\t\t\t\t<div class=\"elementor-element elementor-element-e9677ba elementor-widget elementor-widget-image\" data-id=\"e9677ba\" data-element_type=\"widget\" data-widget_type=\"image.default\">\n\t\t\t\t<div class=\"elementor-widget-container\">\n\t\t\t\t\t\t\t\t\t\t\t\t\t\t\t<img decoding=\"async\" width=\"965\" height=\"1024\" src=\"https:\/\/www.lagorgoneapartments.com\/wp-content\/uploads\/2023\/05\/transfer-e1685007375861-965x1024.jpg\" class=\"attachment-large size-large wp-image-4118\" alt=\"\" loading=\"lazy\" srcset=\"https:\/\/www.lagorgoneapartments.com\/wp-content\/uploads\/2023\/05\/transfer-e1685007375861-965x1024.jpg 965w, https:\/\/www.lagorgoneapartments.com\/wp-content\/uploads\/2023\/05\/transfer-e1685007375861-283x300.jpg 283w, https:\/\/www.lagorgoneapartments.com\/wp-content\/uploads\/2023\/05\/transfer-e1685007375861-768x815.jpg 768w, https:\/\/www.lagorgoneapartments.com\/wp-content\/uploads\/2023\/05\/transfer-e1685007375861.jpg 1000w\" sizes=\"(max-width: 965px) 100vw, 965px\" \/>\t\t\t\t\t\t\t\t\t\t\t\t\t\t\t<\/div>\n\t\t\t\t<\/div>\n\t\t\t\t\t<\/div>\n\t\t<\/div>\n\t\t\t\t<div class=\"elementor-column elementor-col-50 elementor-top-column elementor-element elementor-element-bc4fccb\" data-id=\"bc4fccb\" data-element_type=\"column\">\n\t\t\t<div class=\"elementor-widget-wrap elementor-element-populated\">\n\t\t\t\t\t\t\t\t<div class=\"elementor-element elementor-element-e5cb8ee elementor-widget elementor-widget-text-editor\" data-id=\"e5cb8ee\" data-element_type=\"widget\" data-widget_type=\"text-editor.default\">\n\t\t\t\t<div class=\"elementor-widget-container\">\n\t\t\t\t\t\t\t<p class=\"p1\"><strong>Tarif du transfert depuis\/vers l&rsquo;a\u00e9roport de Catane: <\/strong><\/p>\n<p class=\"p1\">100 \u20ac aller simple jusqu&rsquo;\u00e0 2 personnes<\/p>\n<p class=\"p1\">140 \u20ac aller simple, de 3 \u00e0 4 personnes<\/p>\n<p class=\"p1\">Pour demander le service de transfert, veuillez indiquer au moment de la r\u00e9servation dans la section commentaires :<\/p>\n<p class=\"p1\">-Date et heure d&rsquo;atterrissage\/d\u00e9collage<\/p>\n<p class=\"p1\">-Nom et num\u00e9ro de la compagnie a\u00e9rienne<\/p>\n<p class=\"p1\">-Num\u00e9ro de vol<\/p>\t\t\t\t\t\t<\/div>\n\t\t\t\t<\/div>\n\t\t\t\t\t<\/div>\n\t\t<\/div>\n\t\t\t\t\t\t\t<\/div>\n\t\t<\/section>\n\t\t\t\t<section class=\"elementor-section elementor-top-section elementor-element elementor-element-3117c17 elementor-section-boxed elementor-section-height-default elementor-section-height-default\" data-id=\"3117c17\" data-element_type=\"section\">\n\t\t\t\t\t\t<div class=\"elementor-container elementor-column-gap-default\">\n\t\t\t\t\t<div class=\"elementor-column elementor-col-100 elementor-top-column elementor-element elementor-element-f6ad2c1\" data-id=\"f6ad2c1\" data-element_type=\"column\">\n\t\t\t<div class=\"elementor-widget-wrap elementor-element-populated\">\n\t\t\t\t\t\t\t\t<div class=\"elementor-element elementor-element-91699a3 elementor-widget elementor-widget-spacer\" data-id=\"91699a3\" data-element_type=\"widget\" data-widget_type=\"spacer.default\">\n\t\t\t\t<div class=\"elementor-widget-container\">\n\t\t\t\t\t<div class=\"elementor-spacer\">\n\t\t\t<div class=\"elementor-spacer-inner\"><\/div>\n\t\t<\/div>\n\t\t\t\t<\/div>\n\t\t\t\t<\/div>\n\t\t\t\t\t<\/div>\n\t\t<\/div>\n\t\t\t\t\t\t\t<\/div>\n\t\t<\/section>\n\t\t\t\t\t\t\t<\/div>\n\t\t","protected":false},"excerpt":{"rendered":"<p>Tarif du transfert depuis\/vers l&rsquo;a\u00e9roport de Catane: 100 \u20ac aller simple jusqu&rsquo;\u00e0 2 personnes 140 \u20ac aller simple, de 3 \u00e0 4 personnes Pour demander le service de transfert, veuillez indiquer au moment de la r\u00e9servation dans la section commentaires : -Date et heure d&rsquo;atterrissage\/d\u00e9collage -Nom et num\u00e9ro de la compagnie a\u00e9rienne -Num\u00e9ro de vol<\/p>\n","protected":false},"author":4,"featured_media":0,"parent":0,"menu_order":0,"comment_status":"closed","ping_status":"closed","template":"","meta":{"_joinchat":[]},"yoast_head":"<!-- This site is optimized with the Yoast SEO plugin v20.8 - https:\/\/yoast.com\/wordpress\/plugins\/seo\/ -->\n<title>Transferts a\u00e9roport - La Gorgone Ortigia Apartments<\/title>\n<meta name=\"robots\" content=\"index, follow, max-snippet:-1, max-image-preview:large, max-video-preview:-1\" \/>\n<link rel=\"canonical\" href=\"https:\/\/www.lagorgoneapartments.com\/fr\/transferts-aeroport\/\" \/>\n<meta property=\"og:locale\" content=\"fr_FR\" \/>\n<meta property=\"og:type\" content=\"article\" \/>\n<meta property=\"og:title\" content=\"Transferts a\u00e9roport - La Gorgone Ortigia Apartments\" \/>\n<meta property=\"og:description\" content=\"Tarif du transfert depuis\/vers l&rsquo;a\u00e9roport de Catane: 100 \u20ac aller simple jusqu&rsquo;\u00e0 2 personnes 140 \u20ac aller simple, de 3 \u00e0 4 personnes Pour demander le service de transfert, veuillez indiquer au moment de la r\u00e9servation dans la section commentaires : -Date et heure d&rsquo;atterrissage\/d\u00e9collage -Nom et num\u00e9ro de la compagnie a\u00e9rienne -Num\u00e9ro de vol\" \/>\n<meta property=\"og:url\" content=\"https:\/\/www.lagorgoneapartments.com\/fr\/transferts-aeroport\/\" \/>\n<meta property=\"og:site_name\" content=\"La Gorgone Ortigia Apartments\" \/>\n<meta property=\"article:publisher\" content=\"https:\/\/www.facebook.com\/lagorgoneortigiaapartments\" \/>\n<meta property=\"article:modified_time\" content=\"2024-05-01T20:26:08+00:00\" \/>\n<meta property=\"og:image\" content=\"https:\/\/www.lagorgoneapartments.com\/wp-content\/uploads\/2023\/05\/transfer-e1685007375861-965x1024.jpg\" \/>\n<meta name=\"twitter:card\" content=\"summary_large_image\" \/>\n<meta name=\"twitter:label1\" content=\"Dur\u00e9e de lecture estim\u00e9e\" \/>\n\t<meta name=\"twitter:data1\" content=\"1 minute\" \/>\n<script type=\"application\/ld+json\" class=\"yoast-schema-graph\">{\"@context\":\"https:\/\/schema.org\",\"@graph\":[{\"@type\":\"WebPage\",\"@id\":\"https:\/\/www.lagorgoneapartments.com\/fr\/transferts-aeroport\/\",\"url\":\"https:\/\/www.lagorgoneapartments.com\/fr\/transferts-aeroport\/\",\"name\":\"Transferts a\u00e9roport - La Gorgone Ortigia Apartments\",\"isPartOf\":{\"@id\":\"https:\/\/www.lagorgoneapartments.com\/#website\"},\"datePublished\":\"2023-05-25T09:31:12+00:00\",\"dateModified\":\"2024-05-01T20:26:08+00:00\",\"breadcrumb\":{\"@id\":\"https:\/\/www.lagorgoneapartments.com\/fr\/transferts-aeroport\/#breadcrumb\"},\"inLanguage\":\"fr-FR\",\"potentialAction\":[{\"@type\":\"ReadAction\",\"target\":[\"https:\/\/www.lagorgoneapartments.com\/fr\/transferts-aeroport\/\"]}]},{\"@type\":\"BreadcrumbList\",\"@id\":\"https:\/\/www.lagorgoneapartments.com\/fr\/transferts-aeroport\/#breadcrumb\",\"itemListElement\":[{\"@type\":\"ListItem\",\"position\":1,\"name\":\"Home\",\"item\":\"https:\/\/www.lagorgoneapartments.com\/\"},{\"@type\":\"ListItem\",\"position\":2,\"name\":\"Transferts a\u00e9roport\"}]},{\"@type\":\"WebSite\",\"@id\":\"https:\/\/www.lagorgoneapartments.com\/#website\",\"url\":\"https:\/\/www.lagorgoneapartments.com\/\",\"name\":\"La Gorgone Apartments and Suites\",\"description\":\"Casa Vacanze e Suite Ortigia - Siracusa\",\"publisher\":{\"@id\":\"https:\/\/www.lagorgoneapartments.com\/#organization\"},\"alternateName\":\"Ortigia Apartments and Suites\",\"potentialAction\":[{\"@type\":\"SearchAction\",\"target\":{\"@type\":\"EntryPoint\",\"urlTemplate\":\"https:\/\/www.lagorgoneapartments.com\/?s={search_term_string}\"},\"query-input\":\"required name=search_term_string\"}],\"inLanguage\":\"fr-FR\"},{\"@type\":\"Organization\",\"@id\":\"https:\/\/www.lagorgoneapartments.com\/#organization\",\"name\":\"La Gorgone Apartments and Suites\",\"url\":\"https:\/\/www.lagorgoneapartments.com\/\",\"logo\":{\"@type\":\"ImageObject\",\"inLanguage\":\"fr-FR\",\"@id\":\"https:\/\/www.lagorgoneapartments.com\/#\/schema\/logo\/image\/\",\"url\":\"https:\/\/www.lagorgoneapartments.com\/wp-content\/uploads\/2023\/03\/logo-lagorgone160px.png\",\"contentUrl\":\"https:\/\/www.lagorgoneapartments.com\/wp-content\/uploads\/2023\/03\/logo-lagorgone160px.png\",\"width\":538,\"height\":160,\"caption\":\"La Gorgone Apartments and Suites\"},\"image\":{\"@id\":\"https:\/\/www.lagorgoneapartments.com\/#\/schema\/logo\/image\/\"},\"sameAs\":[\"https:\/\/www.facebook.com\/lagorgoneortigiaapartments\"]}]}<\/script>\n<!-- \/ Yoast SEO plugin. -->","yoast_head_json":{"title":"Transferts a\u00e9roport - La Gorgone Ortigia Apartments","robots":{"index":"index","follow":"follow","max-snippet":"max-snippet:-1","max-image-preview":"max-image-preview:large","max-video-preview":"max-video-preview:-1"},"canonical":"https:\/\/www.lagorgoneapartments.com\/fr\/transferts-aeroport\/","og_locale":"fr_FR","og_type":"article","og_title":"Transferts a\u00e9roport - La Gorgone Ortigia Apartments","og_description":"Tarif du transfert depuis\/vers l&rsquo;a\u00e9roport de Catane: 100 \u20ac aller simple jusqu&rsquo;\u00e0 2 personnes 140 \u20ac aller simple, de 3 \u00e0 4 personnes Pour demander le service de transfert, veuillez indiquer au moment de la r\u00e9servation dans la section commentaires : -Date et heure d&rsquo;atterrissage\/d\u00e9collage -Nom et num\u00e9ro de la compagnie a\u00e9rienne -Num\u00e9ro de vol","og_url":"https:\/\/www.lagorgoneapartments.com\/fr\/transferts-aeroport\/","og_site_name":"La Gorgone Ortigia Apartments","article_publisher":"https:\/\/www.facebook.com\/lagorgoneortigiaapartments","article_modified_time":"2024-05-01T20:26:08+00:00","og_image":[{"url":"https:\/\/www.lagorgoneapartments.com\/wp-content\/uploads\/2023\/05\/transfer-e1685007375861-965x1024.jpg"}],"twitter_card":"summary_large_image","twitter_misc":{"Dur\u00e9e de lecture estim\u00e9e":"1 minute"},"schema":{"@context":"https:\/\/schema.org","@graph":[{"@type":"WebPage","@id":"https:\/\/www.lagorgoneapartments.com\/fr\/transferts-aeroport\/","url":"https:\/\/www.lagorgoneapartments.com\/fr\/transferts-aeroport\/","name":"Transferts a\u00e9roport - La Gorgone Ortigia Apartments","isPartOf":{"@id":"https:\/\/www.lagorgoneapartments.com\/#website"},"datePublished":"2023-05-25T09:31:12+00:00","dateModified":"2024-05-01T20:26:08+00:00","breadcrumb":{"@id":"https:\/\/www.lagorgoneapartments.com\/fr\/transferts-aeroport\/#breadcrumb"},"inLanguage":"fr-FR","potentialAction":[{"@type":"ReadAction","target":["https:\/\/www.lagorgoneapartments.com\/fr\/transferts-aeroport\/"]}]},{"@type":"BreadcrumbList","@id":"https:\/\/www.lagorgoneapartments.com\/fr\/transferts-aeroport\/#breadcrumb","itemListElement":[{"@type":"ListItem","position":1,"name":"Home","item":"https:\/\/www.lagorgoneapartments.com\/"},{"@type":"ListItem","position":2,"name":"Transferts a\u00e9roport"}]},{"@type":"WebSite","@id":"https:\/\/www.lagorgoneapartments.com\/#website","url":"https:\/\/www.lagorgoneapartments.com\/","name":"La Gorgone Apartments and Suites","description":"Casa Vacanze e Suite Ortigia - Siracusa","publisher":{"@id":"https:\/\/www.lagorgoneapartments.com\/#organization"},"alternateName":"Ortigia Apartments and Suites","potentialAction":[{"@type":"SearchAction","target":{"@type":"EntryPoint","urlTemplate":"https:\/\/www.lagorgoneapartments.com\/?s={search_term_string}"},"query-input":"required name=search_term_string"}],"inLanguage":"fr-FR"},{"@type":"Organization","@id":"https:\/\/www.lagorgoneapartments.com\/#organization","name":"La Gorgone Apartments and Suites","url":"https:\/\/www.lagorgoneapartments.com\/","logo":{"@type":"ImageObject","inLanguage":"fr-FR","@id":"https:\/\/www.lagorgoneapartments.com\/#\/schema\/logo\/image\/","url":"https:\/\/www.lagorgoneapartments.com\/wp-content\/uploads\/2023\/03\/logo-lagorgone160px.png","contentUrl":"https:\/\/www.lagorgoneapartments.com\/wp-content\/uploads\/2023\/03\/logo-lagorgone160px.png","width":538,"height":160,"caption":"La Gorgone Apartments and Suites"},"image":{"@id":"https:\/\/www.lagorgoneapartments.com\/#\/schema\/logo\/image\/"},"sameAs":["https:\/\/www.facebook.com\/lagorgoneortigiaapartments"]}]}},"_links":{"self":[{"href":"https:\/\/www.lagorgoneapartments.com\/fr\/wp-json\/wp\/v2\/pages\/4135"}],"collection":[{"href":"https:\/\/www.lagorgoneapartments.com\/fr\/wp-json\/wp\/v2\/pages"}],"about":[{"href":"https:\/\/www.lagorgoneapartments.com\/fr\/wp-json\/wp\/v2\/types\/page"}],"author":[{"embeddable":true,"href":"https:\/\/www.lagorgoneapartments.com\/fr\/wp-json\/wp\/v2\/users\/4"}],"replies":[{"embeddable":true,"href":"https:\/\/www.lagorgoneapartments.com\/fr\/wp-json\/wp\/v2\/comments?post=4135"}],"version-history":[{"count":4,"href":"https:\/\/www.lagorgoneapartments.com\/fr\/wp-json\/wp\/v2\/pages\/4135\/revisions"}],"predecessor-version":[{"id":4361,"href":"https:\/\/www.lagorgoneapartments.com\/fr\/wp-json\/wp\/v2\/pages\/4135\/revisions\/4361"}],"wp:attachment":[{"href":"https:\/\/www.lagorgoneapartments.com\/fr\/wp-json\/wp\/v2\/media?parent=4135"}],"curies":[{"name":"wp","href":"https:\/\/api.w.org\/{rel}","templated":true}]}}